{"id":2,"date":"2023-09-28T09:38:19","date_gmt":"2023-09-28T09:38:19","guid":{"rendered":"https:\/\/groupespige.fr\/admings\/?page_id=2"},"modified":"2023-09-30T13:46:59","modified_gmt":"2023-09-30T13:46:59","slug":"sample-page","status":"publish","type":"page","link":"https:\/\/groupespige.fr\/","title":{"rendered":"Accueil"},"content":{"rendered":"\t\t<div data-elementor-type=\"wp-page\" data-elementor-id=\"2\" class=\"elementor elementor-2\">\n\t\t\t\t\t\t\t<div class=\"elementor-element elementor-element-68078937 e-flex e-con-boxed e-con e-parent\" data-id=\"68078937\" data-element_type=\"container\" data-settings=\"{&quot;content_width&quot;:&quot;boxed&quot;}\" data-core-v316-plus=\"true\">\n\t\t\t\t\t<div class=\"e-con-inner\">\n\t\t\t\t<div class=\"elementor-element elementor-element-23994ae1 elementor-widget elementor-widget-text-editor\" data-id=\"23994ae1\" data-element_type=\"widget\" data-widget_type=\"text-editor.default\">\n\t\t\t\t<div class=\"elementor-widget-container\">\n\t\t\t<style>\/*! elementor - v3.18.0 - 08-12-2023 *\/\n.elementor-widget-text-editor.elementor-drop-cap-view-stacked .elementor-drop-cap{background-color:#69727d;color:#fff}.elementor-widget-text-editor.elementor-drop-cap-view-framed .elementor-drop-cap{color:#69727d;border:3px solid;background-color:transparent}.elementor-widget-text-editor:not(.elementor-drop-cap-view-default) .elementor-drop-cap{margin-top:8px}.elementor-widget-text-editor:not(.elementor-drop-cap-view-default) .elementor-drop-cap-letter{width:1em;height:1em}.elementor-widget-text-editor .elementor-drop-cap{float:left;text-align:center;line-height:1;font-size:50px}.elementor-widget-text-editor .elementor-drop-cap-letter{display:inline-block}<\/style>\t\t\t\t<!-- wp:paragraph -->\n<p>Situ\u00e9e \u00e0 Bourg-en-Bresse (01) et \u00e0 M\u00e2con (71), la soci\u00e9t\u00e9 SPIGE S\u00e9curit\u00e9 \/ SPM dispose de l\u2019expertise pour concevoir des solutions de s\u00e9curit\u00e9 et de gardiennage destin\u00e9es aux particuliers, aux professionnels, voire aux clients travaillant dans le secteur industriel.<\/p>\n<p>Poss\u00e9dant un CAP APS (Agent de Pr\u00e9vention et de S\u00e9curit\u00e9), SST (Sauvetage Secourisme du Travail), HOBO (Habilitation \u00e9lectrique) et SSIAP (1, 2 et 3), Anthony Cordier est le g\u00e9rant d\u2019une entreprise en pleine expansion depuis plusieurs ann\u00e9es.<\/p>\n<p>La soci\u00e9t\u00e9 SPIGE S\u00e9curit\u00e9 \/ SPM a pour vocation d\u2019assurer la surveillance et la protection des personnes et de leurs biens, de b\u00e2timents (r\u00e9sidentiels, tertiaires et industriels), ainsi que de tout type d\u2019\u00e9v\u00e9nements (priv\u00e9s et professionnels). En effet, votre prestataire adapte ses services de s\u00e9curit\u00e9, de gardiennage aux besoins sp\u00e9cifiques de chaque client.<\/p>\n<!-- \/wp:paragraph -->\t\t\t\t\t\t<\/div>\n\t\t\t\t<\/div>\n\t\t\t\t\t<\/div>\n\t\t\t\t<\/div>\n\t\t<div class=\"elementor-element elementor-element-f1772b5 e-flex e-con-boxed e-con e-parent\" data-id=\"f1772b5\" data-element_type=\"container\" data-settings=\"{&quot;content_width&quot;:&quot;boxed&quot;}\" data-core-v316-plus=\"true\">\n\t\t\t\t\t<div class=\"e-con-inner\">\n\t\t<div class=\"elementor-element elementor-element-987151d e-con-full e-flex e-con e-child\" data-id=\"987151d\" data-element_type=\"container\" data-settings=\"{&quot;content_width&quot;:&quot;full&quot;}\">\n\t\t\t\t<div class=\"elementor-element elementor-element-db3c4d9 elementor-position-top elementor-widget elementor-widget-image-box\" data-id=\"db3c4d9\" data-element_type=\"widget\" data-widget_type=\"image-box.default\">\n\t\t\t\t<div class=\"elementor-widget-container\">\n\t\t\t<style>\/*! elementor - v3.18.0 - 08-12-2023 *\/\n.elementor-widget-image-box .elementor-image-box-content{width:100%}@media (min-width:768px){.elementor-widget-image-box.elementor-position-left .elementor-image-box-wrapper,.elementor-widget-image-box.elementor-position-right .elementor-image-box-wrapper{display:flex}.elementor-widget-image-box.elementor-position-right .elementor-image-box-wrapper{text-align:right;flex-direction:row-reverse}.elementor-widget-image-box.elementor-position-left .elementor-image-box-wrapper{text-align:left;flex-direction:row}.elementor-widget-image-box.elementor-position-top .elementor-image-box-img{margin:auto}.elementor-widget-image-box.elementor-vertical-align-top .elementor-image-box-wrapper{align-items:flex-start}.elementor-widget-image-box.elementor-vertical-align-middle .elementor-image-box-wrapper{align-items:center}.elementor-widget-image-box.elementor-vertical-align-bottom .elementor-image-box-wrapper{align-items:flex-end}}@media (max-width:767px){.elementor-widget-image-box .elementor-image-box-img{margin-left:auto!important;margin-right:auto!important;margin-bottom:15px}}.elementor-widget-image-box .elementor-image-box-img{display:inline-block}.elementor-widget-image-box .elementor-image-box-title a{color:inherit}.elementor-widget-image-box .elementor-image-box-wrapper{text-align:center}.elementor-widget-image-box .elementor-image-box-description{margin:0}<\/style><div class=\"elementor-image-box-wrapper\"><figure class=\"elementor-image-box-img\"><img fetchpriority=\"high\" decoding=\"async\" width=\"700\" height=\"500\" src=\"https:\/\/groupespige.fr\/wp-content\/uploads\/2023\/09\/int1.jpg\" class=\"attachment-large size-large wp-image-11\" alt=\"\" srcset=\"https:\/\/groupespige.fr\/wp-content\/uploads\/2023\/09\/int1.jpg 700w, https:\/\/groupespige.fr\/wp-content\/uploads\/2023\/09\/int1-300x214.jpg 300w\" sizes=\"(max-width: 700px) 100vw, 700px\" \/><\/figure><div class=\"elementor-image-box-content\"><h3 class=\"elementor-image-box-title\">Gardiennage<\/h3><p class=\"elementor-image-box-description\">La soci\u00e9t\u00e9 SPIGE S\u00e9curit\u00e9 \/ SPM est en mesure d\u2019effectuer des\u00a0rondes de s\u00e9curit\u00e9, de surveillance\u00a0et d\u2019intervenir en urgence apr\u00e8s le d\u00e9clenchement de l\u2019alarme.<\/p><\/div><\/div>\t\t<\/div>\n\t\t\t\t<\/div>\n\t\t\t\t<\/div>\n\t\t<div class=\"elementor-element elementor-element-8f0499c e-con-full e-flex e-con e-child\" data-id=\"8f0499c\" data-element_type=\"container\" data-settings=\"{&quot;content_width&quot;:&quot;full&quot;}\">\n\t\t\t\t<div class=\"elementor-element elementor-element-82517d1 elementor-position-top elementor-widget elementor-widget-image-box\" data-id=\"82517d1\" data-element_type=\"widget\" data-widget_type=\"image-box.default\">\n\t\t\t\t<div class=\"elementor-widget-container\">\n\t\t\t<div class=\"elementor-image-box-wrapper\"><figure class=\"elementor-image-box-img\"><img decoding=\"async\" width=\"700\" height=\"500\" src=\"https:\/\/groupespige.fr\/wp-content\/uploads\/2023\/09\/int6.jpg\" class=\"attachment-full size-full wp-image-15\" alt=\"\" srcset=\"https:\/\/groupespige.fr\/wp-content\/uploads\/2023\/09\/int6.jpg 700w, https:\/\/groupespige.fr\/wp-content\/uploads\/2023\/09\/int6-300x214.jpg 300w\" sizes=\"(max-width: 700px) 100vw, 700px\" \/><\/figure><div class=\"elementor-image-box-content\"><h3 class=\"elementor-image-box-title\">S\u00e9curit\u00e9 incendie : SSIAP 1\/2\/3<\/h3><p class=\"elementor-image-box-description\">L\u2019agence SPIGE S\u00e9curit\u00e9 \/ SPM assure un service de\u00a0s\u00e9curit\u00e9 incendie\u00a0en pr\u00e9vention ou pour assurer des secours efficaces et rapides et de qualit\u00e9 d\u2019incendie au sein de vos b\u00e2timents.<\/p><\/div><\/div>\t\t<\/div>\n\t\t\t\t<\/div>\n\t\t\t\t<\/div>\n\t\t\t\t\t<\/div>\n\t\t\t\t<\/div>\n\t\t<div class=\"elementor-element elementor-element-3dcce61 e-flex e-con-boxed e-con e-parent\" data-id=\"3dcce61\" data-element_type=\"container\" data-settings=\"{&quot;content_width&quot;:&quot;boxed&quot;}\" data-core-v316-plus=\"true\">\n\t\t\t\t\t<div class=\"e-con-inner\">\n\t\t<div class=\"elementor-element elementor-element-5e11fef e-con-full e-flex e-con e-child\" data-id=\"5e11fef\" data-element_type=\"container\" data-settings=\"{&quot;content_width&quot;:&quot;full&quot;}\">\n\t\t\t\t<div class=\"elementor-element elementor-element-60b2958 elementor-position-top elementor-widget elementor-widget-image-box\" data-id=\"60b2958\" data-element_type=\"widget\" data-widget_type=\"image-box.default\">\n\t\t\t\t<div class=\"elementor-widget-container\">\n\t\t\t<div class=\"elementor-image-box-wrapper\"><figure class=\"elementor-image-box-img\"><img decoding=\"async\" width=\"700\" height=\"500\" src=\"https:\/\/groupespige.fr\/wp-content\/uploads\/2023\/09\/int5.jpg\" class=\"attachment-full size-full wp-image-14\" alt=\"\" srcset=\"https:\/\/groupespige.fr\/wp-content\/uploads\/2023\/09\/int5.jpg 700w, https:\/\/groupespige.fr\/wp-content\/uploads\/2023\/09\/int5-300x214.jpg 300w\" sizes=\"(max-width: 700px) 100vw, 700px\" \/><\/figure><div class=\"elementor-image-box-content\"><h3 class=\"elementor-image-box-title\">Ma\u00eetre-chien<\/h3><p class=\"elementor-image-box-description\">L\u2019entreprise SPIGE S\u00e9curit\u00e9 \/ SPM vous fait b\u00e9n\u00e9ficier de l\u2019expertise de ses\u00a0agents de s\u00e9curit\u00e9 conducteurs de chien\u00a0dans la surveillance et la s\u00e9curit\u00e9 des biens et des personnes.<\/p><\/div><\/div>\t\t<\/div>\n\t\t\t\t<\/div>\n\t\t\t\t<\/div>\n\t\t<div class=\"elementor-element elementor-element-cc8d295 e-con-full e-flex e-con e-child\" data-id=\"cc8d295\" data-element_type=\"container\" data-settings=\"{&quot;content_width&quot;:&quot;full&quot;}\">\n\t\t\t\t<div class=\"elementor-element elementor-element-9ef2740 elementor-position-top elementor-widget elementor-widget-image-box\" data-id=\"9ef2740\" data-element_type=\"widget\" data-widget_type=\"image-box.default\">\n\t\t\t\t<div class=\"elementor-widget-container\">\n\t\t\t<div class=\"elementor-image-box-wrapper\"><figure class=\"elementor-image-box-img\"><img loading=\"lazy\" decoding=\"async\" width=\"700\" height=\"500\" src=\"https:\/\/groupespige.fr\/wp-content\/uploads\/2023\/09\/int9.jpg\" class=\"attachment-full size-full wp-image-9\" alt=\"\" srcset=\"https:\/\/groupespige.fr\/wp-content\/uploads\/2023\/09\/int9.jpg 700w, https:\/\/groupespige.fr\/wp-content\/uploads\/2023\/09\/int9-300x214.jpg 300w\" sizes=\"(max-width: 700px) 100vw, 700px\" \/><\/figure><div class=\"elementor-image-box-content\"><h3 class=\"elementor-image-box-title\">S\u00e9curit\u00e9 \u00e9v\u00e9nementielle<\/h3><p class=\"elementor-image-box-description\">L\u2019entreprise SPIGE S\u00e9curit\u00e9 \/ SPM propose \u00e9galement des prestations de\u00a0s\u00e9curit\u00e9 \u00e9v\u00e9nementielle\u00a0lors de vos \u00e9v\u00e9nements priv\u00e9s ou professionnels.<\/p><\/div><\/div>\t\t<\/div>\n\t\t\t\t<\/div>\n\t\t\t\t<\/div>\n\t\t\t\t\t<\/div>\n\t\t\t\t<\/div>\n\t\t<div class=\"elementor-element elementor-element-1d3bc24 e-flex e-con-boxed e-con e-parent\" data-id=\"1d3bc24\" data-element_type=\"container\" data-settings=\"{&quot;content_width&quot;:&quot;boxed&quot;}\" data-core-v316-plus=\"true\">\n\t\t\t\t\t<div class=\"e-con-inner\">\n\t\t\t\t<div class=\"elementor-element elementor-element-e3b90cc elementor-widget elementor-widget-heading\" data-id=\"e3b90cc\" data-element_type=\"widget\" data-widget_type=\"heading.default\">\n\t\t\t\t<div class=\"elementor-widget-container\">\n\t\t\t<style>\/*! elementor - v3.18.0 - 08-12-2023 *\/\n.elementor-heading-title{padding:0;margin:0;line-height:1}.elementor-widget-heading .elementor-heading-title[class*=elementor-size-]>a{color:inherit;font-size:inherit;line-height:inherit}.elementor-widget-heading .elementor-heading-title.elementor-size-small{font-size:15px}.elementor-widget-heading .elementor-heading-title.elementor-size-medium{font-size:19px}.elementor-widget-heading .elementor-heading-title.elementor-size-large{font-size:29px}.elementor-widget-heading .elementor-heading-title.elementor-size-xl{font-size:39px}.elementor-widget-heading .elementor-heading-title.elementor-size-xxl{font-size:59px}<\/style><h2 class=\"elementor-heading-title elementor-size-default\">Formulaire de contact<\/h2>\t\t<\/div>\n\t\t\t\t<\/div>\n\t\t\t\t\t<\/div>\n\t\t\t\t<\/div>\n\t\t<div class=\"elementor-element elementor-element-5e66abd e-flex e-con-boxed e-con e-parent\" data-id=\"5e66abd\" data-element_type=\"container\" data-settings=\"{&quot;content_width&quot;:&quot;boxed&quot;}\" data-core-v316-plus=\"true\">\n\t\t\t\t\t<div class=\"e-con-inner\">\n\t\t<div class=\"elementor-element elementor-element-4f1f054 e-con-full e-flex e-con e-child\" data-id=\"4f1f054\" data-element_type=\"container\" data-settings=\"{&quot;content_width&quot;:&quot;full&quot;}\">\n\t\t\t\t<div class=\"elementor-element elementor-element-664abef elementor-widget elementor-widget-text-editor\" data-id=\"664abef\" data-element_type=\"widget\" data-widget_type=\"text-editor.default\">\n\t\t\t\t<div class=\"elementor-widget-container\">\n\t\t\t\t\t\t\t<div class=\"elementor-element elementor-element-3c4cf813 elementor-icon-list--layout-traditional elementor-list-item-link-full_width elementor-widget elementor-widget-icon-list\" data-id=\"3c4cf813\" data-element_type=\"widget\" data-widget_type=\"icon-list.default\">\n<div class=\"elementor-widget-container\">\n<p><i class=\"fas fa-map-marker-alt\" aria-hidden=\"true\"><\/i><span class=\"elementor-icon-list-text\">9 avenue Alphonse Muscat,<br \/>01000 Bourg-en-Bresse<\/span><\/p>\n<p><i class=\"fas fa-map-marker-alt\" aria-hidden=\"true\"><\/i><span class=\"elementor-icon-list-text\">360 rue Einstein<br \/>71000 M\u00e2con<\/span><\/p>\n<p><a href=\"tel:0682051853\">06 82 05 18 53<\/a><\/p>\n<p><a href=\"mailto:%20contact@groupe-spige.fr\" target=\"_blank\" rel=\"noopener\"><i class=\"fas fa-envelope-open\" aria-hidden=\"true\"><\/i><span class=\"elementor-icon-list-text\">contact@groupe-spige.fr<\/span><\/a><\/p>\n<p>\u00a0<\/p>\n<\/div>\n<\/div>\t\t\t\t\t\t<\/div>\n\t\t\t\t<\/div>\n\t\t\t\t<\/div>\n\t\t<div class=\"elementor-element elementor-element-175f9c0 e-con-full e-flex e-con e-child\" data-id=\"175f9c0\" data-element_type=\"container\" data-settings=\"{&quot;content_width&quot;:&quot;full&quot;}\">\n\t\t\t\t<div class=\"elementor-element elementor-element-3a89e57 elementor-widget elementor-widget-shortcode\" data-id=\"3a89e57\" data-element_type=\"widget\" data-widget_type=\"shortcode.default\">\n\t\t\t\t<div class=\"elementor-widget-container\">\n\t\t\t\t\t<div class=\"elementor-shortcode\">\n<div class=\"wpcf7 no-js\" id=\"wpcf7-f4-o1\" lang=\"fr-FR\" dir=\"ltr\">\n<div class=\"screen-reader-response\"><p role=\"status\" aria-live=\"polite\" aria-atomic=\"true\"><\/p> <ul><\/ul><\/div>\n<form action=\"\/index.php?rest_route=%2Fwp%2Fv2%2Fpages%2F2#wpcf7-f4-o1\" method=\"post\" class=\"wpcf7-form init\" aria-label=\"Formulaire de contact\" novalidate=\"novalidate\" data-status=\"init\">\n<div style=\"display: none;\">\n<input type=\"hidden\" name=\"_wpcf7\" value=\"4\" \/>\n<input type=\"hidden\" name=\"_wpcf7_version\" value=\"5.8.4\" \/>\n<input type=\"hidden\" name=\"_wpcf7_locale\" value=\"fr_FR\" \/>\n<input type=\"hidden\" name=\"_wpcf7_unit_tag\" value=\"wpcf7-f4-o1\" \/>\n<input type=\"hidden\" name=\"_wpcf7_container_post\" value=\"0\" \/>\n<input type=\"hidden\" name=\"_wpcf7_posted_data_hash\" value=\"\" \/>\n<\/div>\n<p><label> Votre nom<br \/>\n<span class=\"wpcf7-form-control-wrap\" data-name=\"your-name\"><input size=\"40\" class=\"wpcf7-form-control wpcf7-text wpcf7-validates-as-required\" autocomplete=\"name\" aria-required=\"true\" aria-invalid=\"false\" value=\"\" type=\"text\" name=\"your-name\" \/><\/span> <\/label>\n<\/p>\n<p><label> Votre e-mail<br \/>\n<span class=\"wpcf7-form-control-wrap\" data-name=\"your-email\"><input size=\"40\" class=\"wpcf7-form-control wpcf7-email wpcf7-validates-as-required wpcf7-text wpcf7-validates-as-email\" autocomplete=\"email\" aria-required=\"true\" aria-invalid=\"false\" value=\"\" type=\"email\" name=\"your-email\" \/><\/span> <\/label>\n<\/p>\n<p><label> Objet<br \/>\n<span class=\"wpcf7-form-control-wrap\" data-name=\"your-subject\"><input size=\"40\" class=\"wpcf7-form-control wpcf7-text wpcf7-validates-as-required\" aria-required=\"true\" aria-invalid=\"false\" value=\"\" type=\"text\" name=\"your-subject\" \/><\/span> <\/label>\n<\/p>\n<p><label> Votre message (facultatif)<br \/>\n<span class=\"wpcf7-form-control-wrap\" data-name=\"your-message\"><textarea cols=\"40\" rows=\"10\" class=\"wpcf7-form-control wpcf7-textarea\" aria-invalid=\"false\" name=\"your-message\"><\/textarea><\/span> <\/label>\n<\/p>\n<p><input class=\"wpcf7-form-control wpcf7-submit has-spinner\" type=\"submit\" value=\"Envoyer\" \/>\n<\/p><div class=\"wpcf7-response-output\" aria-hidden=\"true\"><\/div>\n<\/form>\n<\/div>\n<\/div>\n\t\t\t\t<\/div>\n\t\t\t\t<\/div>\n\t\t\t\t<\/div>\n\t\t\t\t\t<\/div>\n\t\t\t\t<\/div>\n\t\t\t\t\t\t\t<\/div>\n\t\t","protected":false},"excerpt":{"rendered":"<p>Situ\u00e9e \u00e0 Bourg-en-Bresse (01) et \u00e0 M\u00e2con (71), la soci\u00e9t\u00e9 SPIGE S\u00e9curit\u00e9 \/ SPM dispose de l\u2019expertise pour concevoir des solutions de s\u00e9curit\u00e9 et de gardiennage destin\u00e9es aux particuliers, aux professionnels, voire aux clients travaillant dans le secteur industriel. Poss\u00e9dant un CAP APS (Agent de Pr\u00e9vention et de S\u00e9curit\u00e9), SST (Sauvetage Secourisme du Travail), HOBO [&hellip;]<\/p>\n","protected":false},"author":1,"featured_media":0,"parent":0,"menu_order":0,"comment_status":"closed","ping_status":"closed","template":"","meta":{"footnotes":""},"class_list":["post-2","page","type-page","status-publish","hentry"],"yoast_head":"<!-- This site is optimized with the Yoast SEO plugin v21.7 - https:\/\/yoast.com\/wordpress\/plugins\/seo\/ -->\n<title>Accueil - Groupe Spige S\u00e9curit\u00e9<\/title>\n<meta name=\"robots\" content=\"index, follow, max-snippet:-1, max-image-preview:large, max-video-preview:-1\" \/>\n<link rel=\"canonical\" href=\"https:\/\/groupespige.fr\/\" \/>\n<meta property=\"og:locale\" content=\"fr_FR\" \/>\n<meta property=\"og:type\" content=\"article\" \/>\n<meta property=\"og:title\" content=\"Accueil - Groupe Spige S\u00e9curit\u00e9\" \/>\n<meta property=\"og:description\" content=\"Situ\u00e9e \u00e0 Bourg-en-Bresse (01) et \u00e0 M\u00e2con (71), la soci\u00e9t\u00e9 SPIGE S\u00e9curit\u00e9 \/ SPM dispose de l\u2019expertise pour concevoir des solutions de s\u00e9curit\u00e9 et de gardiennage destin\u00e9es aux particuliers, aux professionnels, voire aux clients travaillant dans le secteur industriel. Poss\u00e9dant un CAP APS (Agent de Pr\u00e9vention et de S\u00e9curit\u00e9), SST (Sauvetage Secourisme du Travail), HOBO [&hellip;]\" \/>\n<meta property=\"og:url\" content=\"https:\/\/groupespige.fr\/\" \/>\n<meta property=\"og:site_name\" content=\"Groupe Spige S\u00e9curit\u00e9\" \/>\n<meta property=\"article:modified_time\" content=\"2023-09-30T13:46:59+00:00\" \/>\n<meta property=\"og:image\" content=\"https:\/\/groupespige.fr\/wp-content\/uploads\/2023\/09\/int1.jpg\" \/>\n<meta name=\"twitter:card\" content=\"summary_large_image\" \/>\n<meta name=\"twitter:label1\" content=\"Dur\u00e9e de lecture estim\u00e9e\" \/>\n\t<meta name=\"twitter:data1\" content=\"3 minutes\" \/>\n<script type=\"application\/ld+json\" class=\"yoast-schema-graph\">{\"@context\":\"https:\/\/schema.org\",\"@graph\":[{\"@type\":\"WebPage\",\"@id\":\"https:\/\/groupespige.fr\/\",\"url\":\"https:\/\/groupespige.fr\/\",\"name\":\"Accueil - Groupe Spige S\u00e9curit\u00e9\",\"isPartOf\":{\"@id\":\"https:\/\/groupespige.fr\/#website\"},\"datePublished\":\"2023-09-28T09:38:19+00:00\",\"dateModified\":\"2023-09-30T13:46:59+00:00\",\"breadcrumb\":{\"@id\":\"https:\/\/groupespige.fr\/#breadcrumb\"},\"inLanguage\":\"fr-FR\",\"potentialAction\":[{\"@type\":\"ReadAction\",\"target\":[\"https:\/\/groupespige.fr\/\"]}]},{\"@type\":\"BreadcrumbList\",\"@id\":\"https:\/\/groupespige.fr\/#breadcrumb\",\"itemListElement\":[{\"@type\":\"ListItem\",\"position\":1,\"name\":\"Accueil\",\"item\":\"https:\/\/groupespige.fr\/\"},{\"@type\":\"ListItem\",\"position\":2,\"name\":\"Accueil\"}]},{\"@type\":\"WebSite\",\"@id\":\"https:\/\/groupespige.fr\/#website\",\"url\":\"https:\/\/groupespige.fr\/\",\"name\":\"Groupe Spige S\u00e9curit\u00e9\",\"description\":\"\",\"publisher\":{\"@id\":\"https:\/\/groupespige.fr\/#organization\"},\"potentialAction\":[{\"@type\":\"SearchAction\",\"target\":{\"@type\":\"EntryPoint\",\"urlTemplate\":\"https:\/\/groupespige.fr\/?s={search_term_string}\"},\"query-input\":\"required name=search_term_string\"}],\"inLanguage\":\"fr-FR\"},{\"@type\":\"Organization\",\"@id\":\"https:\/\/groupespige.fr\/#organization\",\"name\":\"Groupe Spige S\u00e9curit\u00e9\",\"url\":\"https:\/\/groupespige.fr\/\",\"logo\":{\"@type\":\"ImageObject\",\"inLanguage\":\"fr-FR\",\"@id\":\"https:\/\/groupespige.fr\/#\/schema\/logo\/image\/\",\"url\":\"https:\/\/groupespige.fr\/wp-content\/uploads\/2023\/09\/logo.png\",\"contentUrl\":\"https:\/\/groupespige.fr\/wp-content\/uploads\/2023\/09\/logo.png\",\"width\":306,\"height\":200,\"caption\":\"Groupe Spige S\u00e9curit\u00e9\"},\"image\":{\"@id\":\"https:\/\/groupespige.fr\/#\/schema\/logo\/image\/\"}}]}<\/script>\n<!-- \/ Yoast SEO plugin. -->","yoast_head_json":{"title":"Accueil - Groupe Spige S\u00e9curit\u00e9","robots":{"index":"index","follow":"follow","max-snippet":"max-snippet:-1","max-image-preview":"max-image-preview:large","max-video-preview":"max-video-preview:-1"},"canonical":"https:\/\/groupespige.fr\/","og_locale":"fr_FR","og_type":"article","og_title":"Accueil - Groupe Spige S\u00e9curit\u00e9","og_description":"Situ\u00e9e \u00e0 Bourg-en-Bresse (01) et \u00e0 M\u00e2con (71), la soci\u00e9t\u00e9 SPIGE S\u00e9curit\u00e9 \/ SPM dispose de l\u2019expertise pour concevoir des solutions de s\u00e9curit\u00e9 et de gardiennage destin\u00e9es aux particuliers, aux professionnels, voire aux clients travaillant dans le secteur industriel. Poss\u00e9dant un CAP APS (Agent de Pr\u00e9vention et de S\u00e9curit\u00e9), SST (Sauvetage Secourisme du Travail), HOBO [&hellip;]","og_url":"https:\/\/groupespige.fr\/","og_site_name":"Groupe Spige S\u00e9curit\u00e9","article_modified_time":"2023-09-30T13:46:59+00:00","og_image":[{"url":"https:\/\/groupespige.fr\/wp-content\/uploads\/2023\/09\/int1.jpg"}],"twitter_card":"summary_large_image","twitter_misc":{"Dur\u00e9e de lecture estim\u00e9e":"3 minutes"},"schema":{"@context":"https:\/\/schema.org","@graph":[{"@type":"WebPage","@id":"https:\/\/groupespige.fr\/","url":"https:\/\/groupespige.fr\/","name":"Accueil - Groupe Spige S\u00e9curit\u00e9","isPartOf":{"@id":"https:\/\/groupespige.fr\/#website"},"datePublished":"2023-09-28T09:38:19+00:00","dateModified":"2023-09-30T13:46:59+00:00","breadcrumb":{"@id":"https:\/\/groupespige.fr\/#breadcrumb"},"inLanguage":"fr-FR","potentialAction":[{"@type":"ReadAction","target":["https:\/\/groupespige.fr\/"]}]},{"@type":"BreadcrumbList","@id":"https:\/\/groupespige.fr\/#breadcrumb","itemListElement":[{"@type":"ListItem","position":1,"name":"Accueil","item":"https:\/\/groupespige.fr\/"},{"@type":"ListItem","position":2,"name":"Accueil"}]},{"@type":"WebSite","@id":"https:\/\/groupespige.fr\/#website","url":"https:\/\/groupespige.fr\/","name":"Groupe Spige S\u00e9curit\u00e9","description":"","publisher":{"@id":"https:\/\/groupespige.fr\/#organization"},"potentialAction":[{"@type":"SearchAction","target":{"@type":"EntryPoint","urlTemplate":"https:\/\/groupespige.fr\/?s={search_term_string}"},"query-input":"required name=search_term_string"}],"inLanguage":"fr-FR"},{"@type":"Organization","@id":"https:\/\/groupespige.fr\/#organization","name":"Groupe Spige S\u00e9curit\u00e9","url":"https:\/\/groupespige.fr\/","logo":{"@type":"ImageObject","inLanguage":"fr-FR","@id":"https:\/\/groupespige.fr\/#\/schema\/logo\/image\/","url":"https:\/\/groupespige.fr\/wp-content\/uploads\/2023\/09\/logo.png","contentUrl":"https:\/\/groupespige.fr\/wp-content\/uploads\/2023\/09\/logo.png","width":306,"height":200,"caption":"Groupe Spige S\u00e9curit\u00e9"},"image":{"@id":"https:\/\/groupespige.fr\/#\/schema\/logo\/image\/"}}]}},"_links":{"self":[{"href":"https:\/\/groupespige.fr\/index.php?rest_route=\/wp\/v2\/pages\/2","targetHints":{"allow":["GET"]}}],"collection":[{"href":"https:\/\/groupespige.fr\/index.php?rest_route=\/wp\/v2\/pages"}],"about":[{"href":"https:\/\/groupespige.fr\/index.php?rest_route=\/wp\/v2\/types\/page"}],"author":[{"embeddable":true,"href":"https:\/\/groupespige.fr\/index.php?rest_route=\/wp\/v2\/users\/1"}],"replies":[{"embeddable":true,"href":"https:\/\/groupespige.fr\/index.php?rest_route=%2Fwp%2Fv2%2Fcomments&post=2"}],"version-history":[{"count":49,"href":"https:\/\/groupespige.fr\/index.php?rest_route=\/wp\/v2\/pages\/2\/revisions"}],"predecessor-version":[{"id":92,"href":"https:\/\/groupespige.fr\/index.php?rest_route=\/wp\/v2\/pages\/2\/revisions\/92"}],"wp:attachment":[{"href":"https:\/\/groupespige.fr\/index.php?rest_route=%2Fwp%2Fv2%2Fmedia&parent=2"}],"curies":[{"name":"wp","href":"https:\/\/api.w.org\/{rel}","templated":true}]}}